{"id":2,"date":"2013-03-18T10:30:14","date_gmt":"2013-03-18T10:30:14","guid":{"rendered":"http:\/\/www.scoala184.ro\/site\/?page_id=2"},"modified":"2025-11-10T13:37:07","modified_gmt":"2025-11-10T10:37:07","slug":"sample-page","status":"publish","type":"page","link":"https:\/\/scoala184.ro\/site\/","title":{"rendered":"Bine a\u021bi venit!"},"content":{"rendered":"\n\n\n\n<strong>Dragi elevi, p\u0103rin\u021bi \u0219i profesori,<\/strong>\n\n\n\n\n<figure class=\"wp-block-pullquote\">\n<blockquote>Ast\u0103zi nu doar lans\u0103m o revist\u0103, ci d\u0103m glas unei \u0219coli care, de\u0219i mic\u0103 \u00een num\u0103r, este mare prin oameni, prin vise \u0219i prin reu\u0219ite. Revista \u201eColibri\u201d nu este doar o colec\u021bie de pagini, ci o dovad\u0103 vie c\u0103 talentul, munca \u0219i pasiunea merit\u0103 s\u0103 fie v\u0103zute, recunoscute \u0219i p\u0103strate.\nDe ce Colibri? Pentru c\u0103 aceast\u0103 pas\u0103re mic\u0103, dar incredibil de puternic\u0103, simbolizeaz\u0103 exact ceea ce suntem noi: ambi\u021bio\u0219i, curajo\u0219i \u0219i mereu \u00een mi\u0219care. Fie c\u0103 e vorba de sport, \u0219tiin\u021be, literatur\u0103 sau art\u0103, fiecare dintre voi are ceva de oferit, iar aceast\u0103 revist\u0103 este oglinda muncii voastre.\nNe-am dorit ca fiecare succes al vostru, fiecare pas \u00eenainte, fiecare medalie sau cuv\u00e2nt scris cu suflet s\u0103 nu se piard\u0103 \u00een trecerea timpului, ci s\u0103 r\u0103m\u00e2n\u0103 aici, \u00een paginile acestei reviste, ca o surs\u0103 de inspira\u021bie pentru cei care vin dup\u0103 voi. Fiecare elev din clasele primare care o va r\u0103sfoi s\u0103-\u0219i spun\u0103: \u201e\u0218i eu pot ajunge acolo. \u0218i eu pot fi mai bun.\u201d\nAst\u0103zi este despre voi, despre povestea unei \u0219coli care nu renun\u021b\u0103 niciodat\u0103, despre puterea de a visa \u0219i de a transforma visul \u00een realitate. V\u0103 invit s\u0103 v\u0103 bucura\u021bi de aceast\u0103 revist\u0103, s\u0103 o p\u0103stra\u021bi ca pe un simbol al reu\u0219itelor voastre \u0219i s\u0103 continua\u021bi s\u0103 scrie\u021bi, s\u0103 \u00eenv\u0103\u021ba\u021bi, s\u0103 concura\u021bi \u0219i s\u0103 c\u00e2\u0219tiga\u021bi.\nFelicit\u0103ri tuturor celor care au contribuit la aceast\u0103 edi\u021bie \u0219i haide\u021bi s\u0103 ducem Colibri tot mai sus, acolo unde \u00eei este locul!\n<strong>Redactor sef, Eliza\u00a0Elena\u00a0Mureanu<\/strong><\/blockquote>\n<\/figure>\n\n\n\n<p class=\"has-text-align-center\"><div class=\"_3d-flip-book  fb3d-fullscreen-mode full-size\" data-id=\"837\" data-mode=\"fullscreen\" data-title=\"false\" data-template=\"short-white-book-view\" data-lightbox=\"dark-shadow\" data-urlparam=\"fb3d-page\" data-page-n=\"0\" data-pdf=\"\" data-tax=\"null\" data-thumbnail=\"\" data-cols=\"3\" data-book-template=\"default\" data-trigger=\"\"><\/div><script type=\"text\/javascript\">window.FB3D_CLIENT_DATA = window.FB3D_CLIENT_DATA || [];FB3D_CLIENT_DATA.push('eyJwb3N0cyI6eyI4MzciOnsiSUQiOjgzNywidGl0bGUiOiJSZXZpc3RhIFwiQ29saWJyaVwiIG5yLjIgMjAyNSIsInR5cGUiOiJwZGYiLCJyZWFkeV9mdW5jdGlvbiI6IiIsImJvb2tfc3R5bGUiOiJ2b2x1bWUtcGFkZGluZ3MtdW5yb2xsaW5nIiwiYm9va190ZW1wbGF0ZSI6Im5vbmUiLCJvdXRsaW5lIjpbXSwiZGF0YSI6eyJwb3N0X0lEIjoiODMzIiwiZ3VpZCI6Imh0dHBzOlwvXC9zY29hbGExODQucm9cL3NpdGVcL3dwLWNvbnRlbnRcL3VwbG9hZHNcLzIwMjVcLzAyXC9Db2xpYnJpLW5yLi0yLnBkZiIsInBkZl9wYWdlcyI6Ijc0IiwicGFnZXNfY3VzdG9taXphdGlvbiI6Im5vbmUifSwidGh1bWJuYWlsIjp7ImRhdGEiOnsicG9zdF9JRCI6IjAifSwidHlwZSI6ImF1dG8ifSwicHJvcHMiOnsiYmFja2dyb3VuZENvbG9yIjoiYXV0byIsImJhY2tncm91bmRJbWFnZSI6ImF1dG8iLCJiYWNrZ3JvdW5kU3R5bGUiOiJhdXRvIiwiaGlnaGxpZ2h0TGlua3MiOiJhdXRvIiwibGlnaHRpbmciOiJhdXRvIiwic2luZ2xlUGFnZU1vZGUiOiJhdXRvIiwiY2FjaGVkUGFnZXMiOiJhdXRvIiwicmVuZGVySW5hY3RpdmVQYWdlcyI6ImF1dG8iLCJyZW5kZXJJbmFjdGl2ZVBhZ2VzT25Nb2JpbGUiOiJhdXRvIiwicmVuZGVyV2hpbGVGbGlwcGluZyI6ImF1dG8iLCJwcmVsb2FkUGFnZXMiOiJhdXRvIiwiYXV0b1BsYXlEdXJhdGlvbiI6ImF1dG8iLCJydGwiOiJhdXRvIiwiaW50ZXJhY3RpdmVDb3JuZXJzIjoiYXV0byIsIm1heERlcHRoIjoiYXV0byIsInNoZWV0Ijp7InN0YXJ0VmVsb2NpdHkiOiJhdXRvIiwid2F2ZSI6ImF1dG8iLCJzaGFwZSI6ImF1dG8iLCJ3aWR0aFRleGVscyI6ImF1dG8iLCJjb2xvciI6ImF1dG8iLCJzaWRlIjoiYXV0byIsInN0cmV0Y2hJbWFnZXMiOiJhdXRvIiwiY29ybmVyRGV2aWF0aW9uIjoiYXV0byIsImZsZXhpYmlsaXR5IjoiYXV0byIsImZsZXhpYmxlQ29ybmVyIjoiYXV0byIsImJlbmRpbmciOiJhdXRvIiwiaGVpZ2h0VGV4ZWxzIjoiYXV0byJ9LCJjb3ZlciI6eyJ3YXZlIjoiYXV0byIsImNvbG9yIjoiYXV0byIsInNpZGUiOiJhdXRvIiwic3RyZXRjaEltYWdlcyI6ImF1dG8iLCJiaW5kZXJUZXh0dXJlIjoiYXV0byIsImRlcHRoIjoiYXV0byIsInBhZGRpbmciOiJhdXRvIiwic3RhcnRWZWxvY2l0eSI6ImF1dG8iLCJmbGV4aWJpbGl0eSI6ImF1dG8iLCJmbGV4aWJsZUNvcm5lciI6ImF1dG8iLCJiZW5kaW5nIjoiYXV0byIsIndpZHRoVGV4ZWxzIjoiYXV0byIsImhlaWdodFRleGVscyI6ImF1dG8iLCJtYXNzIjoiYXV0byIsInNoYXBlIjoiYXV0byJ9LCJwYWdlIjp7IndhdmUiOiJhdXRvIiwiY29sb3IiOiJhdXRvIiwic2lkZSI6ImF1dG8iLCJzdHJldGNoSW1hZ2VzIjoiYXV0byIsImRlcHRoIjoiYXV0byIsInN0YXJ0VmVsb2NpdHkiOiJhdXRvIiwiZmxleGliaWxpdHkiOiJhdXRvIiwiZmxleGlibGVDb3JuZXIiOiJhdXRvIiwiYmVuZGluZyI6ImF1dG8iLCJ3aWR0aFRleGVscyI6ImF1dG8iLCJoZWlnaHRUZXhlbHMiOiJhdXRvIiwibWFzcyI6ImF1dG8iLCJzaGFwZSI6ImF1dG8ifSwiaGVpZ2h0IjoiYXV0byIsIndpZHRoIjoiYXV0byIsImdyYXZpdHkiOiJhdXRvIiwicGFnZXNGb3JQcmVkaWN0aW5nIjoiYXV0byJ9LCJjb250cm9sUHJvcHMiOnsiYWN0aW9ucyI6eyJjbWRUb2MiOnsiZW5hYmxlZCI6ImF1dG8iLCJlbmFibGVkSW5OYXJyb3ciOiJhdXRvIiwiYWN0aXZlIjoiYXV0byIsImRlZmF1bHRUYWIiOiJhdXRvIn0sImNtZEF1dG9QbGF5Ijp7ImVuYWJsZWQiOiJhdXRvIiwiZW5hYmxlZEluTmFycm93IjoiYXV0byIsImFjdGl2ZSI6ImF1dG8ifSwiY21kU2F2ZSI6eyJlbmFibGVkIjoiMCIsImVuYWJsZWRJbk5hcnJvdyI6ImF1dG8ifSwiY21kUHJpbnQiOnsiZW5hYmxlZCI6IjAiLCJlbmFibGVkSW5OYXJyb3ciOiJhdXRvIn0sImNtZFNpbmdsZVBhZ2UiOnsiZW5hYmxlZCI6ImF1dG8iLCJlbmFibGVkSW5OYXJyb3ciOiJhdXRvIiwiYWN0aXZlIjoiYXV0byIsImFjdGl2ZUZvck1vYmlsZSI6ImF1dG8ifSwid2lkVG9vbGJhciI6eyJlbmFibGVkIjoiYXV0byIsImVuYWJsZWRJbk5hcnJvdyI6ImF1dG8ifX19LCJhdXRvVGh1bWJuYWlsIjoiaHR0cHM6XC9cL3Njb2FsYTE4NC5yb1wvc2l0ZVwvd3AtY29udGVudFwvdXBsb2Fkc1wvM2QtZmxpcC1ib29rXC9hdXRvLXRodW1ibmFpbHNcLzgzNy5wbmciLCJwb3N0X25hbWUiOiJyZXZpc3RhLWNvbGlicmktbnItMi0yMDI1IiwicG9zdF90eXBlIjoiM2QtZmxpcC1ib29rIn19LCJwYWdlcyI6W10sImZpcnN0UGFnZXMiOltdfQ==');window.FB3D_CLIENT_LOCALE && FB3D_CLIENT_LOCALE.render && FB3D_CLIENT_LOCALE.render();<\/script><\/p>\n\n\n\n\n<hr class=\"wp-block-separator has-alpha-channel-opacity\" \/>\n\n\n\n<hr class=\"wp-block-separator has-alpha-channel-opacity\" \/>\n\n\n<figure class=\"wp-block-gallery has-nested-images columns-default is-cropped wp-block-gallery-1 is-layout-flex wp-block-gallery-is-layout-flex\">\n<figure class=\"wp-block-image size-large is-style-rounded\"><img loading=\"lazy\" decoding=\"async\" width=\"768\" height=\"1024\" data-id=\"800\" class=\"wp-image-800\" src=\"https:\/\/scoala184.ro\/site\/wp-content\/uploads\/2025\/02\/IMG-20250207-WA0071-768x1024.jpg\" alt=\"\" srcset=\"https:\/\/scoala184.ro\/site\/wp-content\/uploads\/2025\/02\/IMG-20250207-WA0071-768x1024.jpg 768w, https:\/\/scoala184.ro\/site\/wp-content\/uploads\/2025\/02\/IMG-20250207-WA0071-225x300.jpg 225w, https:\/\/scoala184.ro\/site\/wp-content\/uploads\/2025\/02\/IMG-20250207-WA0071-1152x1536.jpg 1152w, https:\/\/scoala184.ro\/site\/wp-content\/uploads\/2025\/02\/IMG-20250207-WA0071-1536x2048.jpg 1536w, https:\/\/scoala184.ro\/site\/wp-content\/uploads\/2025\/02\/IMG-20250207-WA0071-400x533.jpg 400w, https:\/\/scoala184.ro\/site\/wp-content\/uploads\/2025\/02\/IMG-20250207-WA0071-scaled.jpg 1920w\" sizes=\"auto, (max-width: 768px) 100vw, 768px\" \/><\/figure>\n\n\n\n<figure class=\"wp-block-image size-large is-style-rounded\"><img loading=\"lazy\" decoding=\"async\" width=\"768\" height=\"1024\" data-id=\"799\" class=\"wp-image-799\" src=\"https:\/\/scoala184.ro\/site\/wp-content\/uploads\/2025\/02\/IMG-20250207-WA0070-768x1024.jpg\" alt=\"\" srcset=\"https:\/\/scoala184.ro\/site\/wp-content\/uploads\/2025\/02\/IMG-20250207-WA0070-768x1024.jpg 768w, https:\/\/scoala184.ro\/site\/wp-content\/uploads\/2025\/02\/IMG-20250207-WA0070-225x300.jpg 225w, https:\/\/scoala184.ro\/site\/wp-content\/uploads\/2025\/02\/IMG-20250207-WA0070-1152x1536.jpg 1152w, https:\/\/scoala184.ro\/site\/wp-content\/uploads\/2025\/02\/IMG-20250207-WA0070-1536x2048.jpg 1536w, https:\/\/scoala184.ro\/site\/wp-content\/uploads\/2025\/02\/IMG-20250207-WA0070-400x533.jpg 400w, https:\/\/scoala184.ro\/site\/wp-content\/uploads\/2025\/02\/IMG-20250207-WA0070-scaled.jpg 1920w\" sizes=\"auto, (max-width: 768px) 100vw, 768px\" \/><\/figure>\n\n\n\n<figure class=\"wp-block-image size-large is-style-rounded\"><img loading=\"lazy\" decoding=\"async\" width=\"768\" height=\"1024\" data-id=\"796\" class=\"wp-image-796\" src=\"https:\/\/scoala184.ro\/site\/wp-content\/uploads\/2025\/02\/IMG-20250207-WA0067-768x1024.jpg\" alt=\"\" srcset=\"https:\/\/scoala184.ro\/site\/wp-content\/uploads\/2025\/02\/IMG-20250207-WA0067-768x1024.jpg 768w, https:\/\/scoala184.ro\/site\/wp-content\/uploads\/2025\/02\/IMG-20250207-WA0067-225x300.jpg 225w, https:\/\/scoala184.ro\/site\/wp-content\/uploads\/2025\/02\/IMG-20250207-WA0067-1152x1536.jpg 1152w, https:\/\/scoala184.ro\/site\/wp-content\/uploads\/2025\/02\/IMG-20250207-WA0067-1536x2048.jpg 1536w, https:\/\/scoala184.ro\/site\/wp-content\/uploads\/2025\/02\/IMG-20250207-WA0067-400x533.jpg 400w, https:\/\/scoala184.ro\/site\/wp-content\/uploads\/2025\/02\/IMG-20250207-WA0067-scaled.jpg 1920w\" sizes=\"auto, (max-width: 768px) 100vw, 768px\" \/><\/figure>\n\n\n\n<figure class=\"wp-block-image size-large is-style-rounded\"><img loading=\"lazy\" decoding=\"async\" width=\"768\" height=\"1024\" data-id=\"795\" class=\"wp-image-795\" src=\"https:\/\/scoala184.ro\/site\/wp-content\/uploads\/2025\/02\/IMG-20250207-WA0066-768x1024.jpg\" alt=\"\" srcset=\"https:\/\/scoala184.ro\/site\/wp-content\/uploads\/2025\/02\/IMG-20250207-WA0066-768x1024.jpg 768w, https:\/\/scoala184.ro\/site\/wp-content\/uploads\/2025\/02\/IMG-20250207-WA0066-225x300.jpg 225w, https:\/\/scoala184.ro\/site\/wp-content\/uploads\/2025\/02\/IMG-20250207-WA0066-1152x1536.jpg 1152w, https:\/\/scoala184.ro\/site\/wp-content\/uploads\/2025\/02\/IMG-20250207-WA0066-1536x2048.jpg 1536w, https:\/\/scoala184.ro\/site\/wp-content\/uploads\/2025\/02\/IMG-20250207-WA0066-400x533.jpg 400w, https:\/\/scoala184.ro\/site\/wp-content\/uploads\/2025\/02\/IMG-20250207-WA0066-scaled.jpg 1920w\" sizes=\"auto, (max-width: 768px) 100vw, 768px\" \/><\/figure>\n\n\n\n<figure class=\"wp-block-image size-large is-style-rounded\"><img loading=\"lazy\" decoding=\"async\" width=\"768\" height=\"1024\" data-id=\"793\" class=\"wp-image-793\" src=\"https:\/\/scoala184.ro\/site\/wp-content\/uploads\/2025\/02\/IMG-20250207-WA0064-768x1024.jpg\" alt=\"\" srcset=\"https:\/\/scoala184.ro\/site\/wp-content\/uploads\/2025\/02\/IMG-20250207-WA0064-768x1024.jpg 768w, https:\/\/scoala184.ro\/site\/wp-content\/uploads\/2025\/02\/IMG-20250207-WA0064-225x300.jpg 225w, https:\/\/scoala184.ro\/site\/wp-content\/uploads\/2025\/02\/IMG-20250207-WA0064-1152x1536.jpg 1152w, https:\/\/scoala184.ro\/site\/wp-content\/uploads\/2025\/02\/IMG-20250207-WA0064-1536x2048.jpg 1536w, https:\/\/scoala184.ro\/site\/wp-content\/uploads\/2025\/02\/IMG-20250207-WA0064-400x533.jpg 400w, https:\/\/scoala184.ro\/site\/wp-content\/uploads\/2025\/02\/IMG-20250207-WA0064-scaled.jpg 1920w\" sizes=\"auto, (max-width: 768px) 100vw, 768px\" \/><\/figure>\n\n\n\n<figure class=\"wp-block-image size-large is-style-rounded\"><img loading=\"lazy\" decoding=\"async\" width=\"768\" height=\"1024\" data-id=\"794\" class=\"wp-image-794\" src=\"https:\/\/scoala184.ro\/site\/wp-content\/uploads\/2025\/02\/IMG-20250207-WA0065-768x1024.jpg\" alt=\"\" srcset=\"https:\/\/scoala184.ro\/site\/wp-content\/uploads\/2025\/02\/IMG-20250207-WA0065-768x1024.jpg 768w, https:\/\/scoala184.ro\/site\/wp-content\/uploads\/2025\/02\/IMG-20250207-WA0065-225x300.jpg 225w, https:\/\/scoala184.ro\/site\/wp-content\/uploads\/2025\/02\/IMG-20250207-WA0065-1152x1536.jpg 1152w, https:\/\/scoala184.ro\/site\/wp-content\/uploads\/2025\/02\/IMG-20250207-WA0065-1536x2048.jpg 1536w, https:\/\/scoala184.ro\/site\/wp-content\/uploads\/2025\/02\/IMG-20250207-WA0065-400x533.jpg 400w, https:\/\/scoala184.ro\/site\/wp-content\/uploads\/2025\/02\/IMG-20250207-WA0065-scaled.jpg 1920w\" sizes=\"auto, (max-width: 768px) 100vw, 768px\" \/><\/figure>\n\n\n\n<figure class=\"wp-block-image size-large is-style-rounded\"><img loading=\"lazy\" decoding=\"async\" width=\"768\" height=\"1024\" data-id=\"792\" class=\"wp-image-792\" src=\"https:\/\/scoala184.ro\/site\/wp-content\/uploads\/2025\/02\/IMG-20250207-WA0063-768x1024.jpg\" alt=\"\" srcset=\"https:\/\/scoala184.ro\/site\/wp-content\/uploads\/2025\/02\/IMG-20250207-WA0063-768x1024.jpg 768w, https:\/\/scoala184.ro\/site\/wp-content\/uploads\/2025\/02\/IMG-20250207-WA0063-225x300.jpg 225w, https:\/\/scoala184.ro\/site\/wp-content\/uploads\/2025\/02\/IMG-20250207-WA0063-1152x1536.jpg 1152w, https:\/\/scoala184.ro\/site\/wp-content\/uploads\/2025\/02\/IMG-20250207-WA0063-1536x2048.jpg 1536w, https:\/\/scoala184.ro\/site\/wp-content\/uploads\/2025\/02\/IMG-20250207-WA0063-400x533.jpg 400w, https:\/\/scoala184.ro\/site\/wp-content\/uploads\/2025\/02\/IMG-20250207-WA0063-scaled.jpg 1920w\" sizes=\"auto, (max-width: 768px) 100vw, 768px\" \/><\/figure>\n\n\n\n<figure class=\"wp-block-image size-large is-style-rounded\"><img loading=\"lazy\" decoding=\"async\" width=\"768\" height=\"1024\" data-id=\"789\" class=\"wp-image-789\" src=\"https:\/\/scoala184.ro\/site\/wp-content\/uploads\/2025\/02\/IMG-20250207-WA0060-768x1024.jpg\" alt=\"\" srcset=\"https:\/\/scoala184.ro\/site\/wp-content\/uploads\/2025\/02\/IMG-20250207-WA0060-768x1024.jpg 768w, https:\/\/scoala184.ro\/site\/wp-content\/uploads\/2025\/02\/IMG-20250207-WA0060-225x300.jpg 225w, https:\/\/scoala184.ro\/site\/wp-content\/uploads\/2025\/02\/IMG-20250207-WA0060-1152x1536.jpg 1152w, https:\/\/scoala184.ro\/site\/wp-content\/uploads\/2025\/02\/IMG-20250207-WA0060-1536x2048.jpg 1536w, https:\/\/scoala184.ro\/site\/wp-content\/uploads\/2025\/02\/IMG-20250207-WA0060-400x533.jpg 400w, https:\/\/scoala184.ro\/site\/wp-content\/uploads\/2025\/02\/IMG-20250207-WA0060-scaled.jpg 1920w\" sizes=\"auto, (max-width: 768px) 100vw, 768px\" \/><\/figure>\n\n\n\n<figure class=\"wp-block-image size-large is-style-rounded\"><img loading=\"lazy\" decoding=\"async\" width=\"768\" height=\"1024\" data-id=\"790\" class=\"wp-image-790\" src=\"https:\/\/scoala184.ro\/site\/wp-content\/uploads\/2025\/02\/IMG-20250207-WA0061-768x1024.jpg\" alt=\"\" srcset=\"https:\/\/scoala184.ro\/site\/wp-content\/uploads\/2025\/02\/IMG-20250207-WA0061-768x1024.jpg 768w, https:\/\/scoala184.ro\/site\/wp-content\/uploads\/2025\/02\/IMG-20250207-WA0061-225x300.jpg 225w, https:\/\/scoala184.ro\/site\/wp-content\/uploads\/2025\/02\/IMG-20250207-WA0061-1152x1536.jpg 1152w, https:\/\/scoala184.ro\/site\/wp-content\/uploads\/2025\/02\/IMG-20250207-WA0061-1536x2048.jpg 1536w, https:\/\/scoala184.ro\/site\/wp-content\/uploads\/2025\/02\/IMG-20250207-WA0061-400x533.jpg 400w, https:\/\/scoala184.ro\/site\/wp-content\/uploads\/2025\/02\/IMG-20250207-WA0061-scaled.jpg 1920w\" sizes=\"auto, (max-width: 768px) 100vw, 768px\" \/><\/figure>\n\n\n\n<figure class=\"wp-block-image size-medium is-style-rounded\"><img loading=\"lazy\" decoding=\"async\" width=\"225\" height=\"300\" data-id=\"791\" class=\"wp-image-791\" src=\"https:\/\/scoala184.ro\/site\/wp-content\/uploads\/2025\/02\/IMG-20250207-WA0062-225x300.jpg\" alt=\"\" srcset=\"https:\/\/scoala184.ro\/site\/wp-content\/uploads\/2025\/02\/IMG-20250207-WA0062-225x300.jpg 225w, https:\/\/scoala184.ro\/site\/wp-content\/uploads\/2025\/02\/IMG-20250207-WA0062-768x1024.jpg 768w, https:\/\/scoala184.ro\/site\/wp-content\/uploads\/2025\/02\/IMG-20250207-WA0062-1152x1536.jpg 1152w, https:\/\/scoala184.ro\/site\/wp-content\/uploads\/2025\/02\/IMG-20250207-WA0062-1536x2048.jpg 1536w, https:\/\/scoala184.ro\/site\/wp-content\/uploads\/2025\/02\/IMG-20250207-WA0062-400x533.jpg 400w, https:\/\/scoala184.ro\/site\/wp-content\/uploads\/2025\/02\/IMG-20250207-WA0062-scaled.jpg 1920w\" sizes=\"auto, (max-width: 225px) 100vw, 225px\" \/><\/figure>\n\n\n\n<figure class=\"wp-block-image size-large is-style-rounded\"><img loading=\"lazy\" decoding=\"async\" width=\"768\" height=\"1024\" data-id=\"798\" class=\"wp-image-798\" src=\"https:\/\/scoala184.ro\/site\/wp-content\/uploads\/2025\/02\/IMG-20250207-WA0069-768x1024.jpg\" alt=\"\" srcset=\"https:\/\/scoala184.ro\/site\/wp-content\/uploads\/2025\/02\/IMG-20250207-WA0069-768x1024.jpg 768w, https:\/\/scoala184.ro\/site\/wp-content\/uploads\/2025\/02\/IMG-20250207-WA0069-225x300.jpg 225w, https:\/\/scoala184.ro\/site\/wp-content\/uploads\/2025\/02\/IMG-20250207-WA0069-1152x1536.jpg 1152w, https:\/\/scoala184.ro\/site\/wp-content\/uploads\/2025\/02\/IMG-20250207-WA0069-1536x2048.jpg 1536w, https:\/\/scoala184.ro\/site\/wp-content\/uploads\/2025\/02\/IMG-20250207-WA0069-400x533.jpg 400w, https:\/\/scoala184.ro\/site\/wp-content\/uploads\/2025\/02\/IMG-20250207-WA0069-scaled.jpg 1920w\" sizes=\"auto, (max-width: 768px) 100vw, 768px\" \/><\/figure>\n\n\n\n<figure class=\"wp-block-image size-large is-style-rounded\"><img loading=\"lazy\" decoding=\"async\" width=\"768\" height=\"1024\" data-id=\"797\" class=\"wp-image-797\" src=\"https:\/\/scoala184.ro\/site\/wp-content\/uploads\/2025\/02\/IMG-20250207-WA0068-768x1024.jpg\" alt=\"\" srcset=\"https:\/\/scoala184.ro\/site\/wp-content\/uploads\/2025\/02\/IMG-20250207-WA0068-768x1024.jpg 768w, https:\/\/scoala184.ro\/site\/wp-content\/uploads\/2025\/02\/IMG-20250207-WA0068-225x300.jpg 225w, https:\/\/scoala184.ro\/site\/wp-content\/uploads\/2025\/02\/IMG-20250207-WA0068-1152x1536.jpg 1152w, https:\/\/scoala184.ro\/site\/wp-content\/uploads\/2025\/02\/IMG-20250207-WA0068-1536x2048.jpg 1536w, https:\/\/scoala184.ro\/site\/wp-content\/uploads\/2025\/02\/IMG-20250207-WA0068-400x533.jpg 400w, https:\/\/scoala184.ro\/site\/wp-content\/uploads\/2025\/02\/IMG-20250207-WA0068-scaled.jpg 1920w\" sizes=\"auto, (max-width: 768px) 100vw, 768px\" \/><\/figure>\n<\/figure>\n\n\n<hr \/>\n\n\n<blockquote>\n<h2 style=\"text-align: center;\"><span style=\"color: #2a4deb;\"><span style=\"color: #5867e8;\">\u0218coala noastr\u0103 a c\u00e2\u0219tigat competi\u021bia na\u021bional\u0103 \u0218coala Europen\u0103. Mul\u021bumim cadrelor didactice, elevilor \u0219i p\u0103rin\u021bilor implica\u021bi \u00een derularea celor trei proiecte ERASMUS \u0219i celor dou\u0103 proiecte POCU din perioada 2019-2022<\/span><\/span><\/h2>\n\n<hr \/>\n\n<\/blockquote>\n\n\n\n\n<hr class=\"wp-block-separator has-css-opacity\" \/>\n\n\n<h1 style=\"text-align: center;\">ANUN\u021a \u00ceNV\u0102\u021a\u0102M\u00c2NT &#8222;A DOUA \u0218ANS\u0102&#8221;!<\/h1>\n<h2 style=\"text-align: center;\">\u00censcrierile pentru \u00eenv\u0103\u021b\u0103m\u00e2ntul &#8222;A doua \u0219ans\u0103&#8221;, an \u0219colar 2025-2026 se desf\u0103\u0219oar\u0103 \u00een perioada 15 august &#8211; 10 septembrie 2025<\/h2>\n\n<hr \/>\n\n\n\n","protected":false},"excerpt":{"rendered":"<p>Dragi elevi, p\u0103rin\u021bi \u0219i profesori, Ast\u0103zi nu doar lans\u0103m o revist\u0103, ci d\u0103m glas unei \u0219coli care, de\u0219i mic\u0103 \u00een num\u0103r, este mare prin oameni, prin vise \u0219i prin reu\u0219ite.&hellip;<\/p>\n<div class=\"read-more\"><a href=\"https:\/\/scoala184.ro\/site\/\" class=\"read-more-link\">See More<\/a><\/div>\n","protected":false},"author":1,"featured_media":0,"parent":0,"menu_order":0,"comment_status":"closed","ping_status":"closed","template":"","meta":{"footnotes":""},"class_list":["post-2","page","type-page","status-publish","hentry"],"_links":{"self":[{"href":"https:\/\/scoala184.ro\/site\/wp-json\/wp\/v2\/pages\/2","targetHints":{"allow":["GET"]}}],"collection":[{"href":"https:\/\/scoala184.ro\/site\/wp-json\/wp\/v2\/pages"}],"about":[{"href":"https:\/\/scoala184.ro\/site\/wp-json\/wp\/v2\/types\/page"}],"author":[{"embeddable":true,"href":"https:\/\/scoala184.ro\/site\/wp-json\/wp\/v2\/users\/1"}],"replies":[{"embeddable":true,"href":"https:\/\/scoala184.ro\/site\/wp-json\/wp\/v2\/comments?post=2"}],"version-history":[{"count":115,"href":"https:\/\/scoala184.ro\/site\/wp-json\/wp\/v2\/pages\/2\/revisions"}],"predecessor-version":[{"id":899,"href":"https:\/\/scoala184.ro\/site\/wp-json\/wp\/v2\/pages\/2\/revisions\/899"}],"wp:attachment":[{"href":"https:\/\/scoala184.ro\/site\/wp-json\/wp\/v2\/media?parent=2"}],"curies":[{"name":"wp","href":"https:\/\/api.w.org\/{rel}","templated":true}]}}