{"id":508,"date":"2022-03-29T12:33:47","date_gmt":"2022-03-29T09:33:47","guid":{"rendered":"https:\/\/scoala184.ro\/site\/?page_id=508"},"modified":"2022-03-31T04:12:34","modified_gmt":"2022-03-31T01:12:34","slug":"inscriere-clasa-pregatitoare-2022-2023","status":"publish","type":"page","link":"https:\/\/scoala184.ro\/site\/inscriere-clasa-pregatitoare-2022-2023\/","title":{"rendered":"\u00censcriere clasa preg\u0103titoare 2022-2023"},"content":{"rendered":"<div id=\"dflip_post_meta_box_shortcode\" class=\"postbox \">\n<div class=\"inside\">\n<div class=\"dflip-tabs normal-tabs\">\n<div id=\"dflip-tab-content-normal\" class=\"dflip-tab-content dflip-active\" style=\"text-align: center;\"><code><div class=\"_df_book df-lite\" id=\"df_512\"  _slug=\"prega-22-23\" data-title=\"prega-22-23\" wpoptions=\"true\" thumbtype=\"\" ><\/div><script class=\"df-shortcode-script\" nowprocket type=\"application\/javascript\">window.option_df_512 = {\"outline\":[],\"backgroundColor\":\"#FFFFFF\",\"autoEnableOutline\":\"false\",\"autoEnableThumbnail\":\"false\",\"overwritePDFOutline\":\"false\",\"direction\":\"1\",\"pageSize\":\"0\",\"source\":\"https:\\\/\\\/scoala184.ro\\\/site\\\/wp-content\\\/uploads\\\/2022\\\/03\\\/Clasa-prega\\u0306titoare-2022.pdf\",\"wpOptions\":\"true\"}; if(window.DFLIP && window.DFLIP.parseBooks){window.DFLIP.parseBooks();}<\/script><\/code><\/div>\n<\/div>\n<\/div>\n<\/div>\n<h3 style=\"text-align: center;\"><strong style=\"font-size: revert; color: initial;\">LEGISLATIE<\/strong><\/h3>\n<div class=\"art-postcontent\">\n<div class=\"art-article\">\n<ul>\n<li><a href=\"http:\/\/ismb.edu.ro\/documente\/clasa0\/2022\/Ordin_metodologie_calendar_pregatitoare.pdf\" target=\"_blank\" rel=\"noopener\">Ordin nr. 3445\/17.03.2022 privind aprobarea Metodologiei de \u00eenscriere a copiilor \u00een \u00eenv\u0103\u021b\u0103m\u00e2ntul primar pentru anul \u0219colar 2022-2023 \u0219i a Calendarului \u00eenscrierii<\/a><\/li>\n<\/ul>\n<ul>\n<li style=\"text-align: center;\"><strong style=\"font-size: revert; color: initial;\">AMANARE INSCRIERE IN INVATAMANTUL PRIMAR<\/strong><\/li>\n<\/ul>\n<ol>\n<li><a href=\"http:\/\/ismb.edu.ro\/documente\/clasa0\/2022\/ANUNT_amanare.pdf\" target=\"_blank\" rel=\"noopener\">Anunt\u00a0privind amanarea inscrierii in invatamantul primar pentru anul scolar 2022-2023<\/a><\/li>\n<li><a href=\"http:\/\/ismb.edu.ro\/documente\/clasa0\/2022\/Cerere_amanare.pdf\" target=\"_blank\" rel=\"noopener\">Cerere\u00a0privind amanarea inscrierii in invatamantul primar pentru anul scolar 2022-2023\u00a0<\/a><\/li>\n<li><a href=\"http:\/\/ismb.edu.ro\/documente\/clasa0\/2022\/DECLARATIE_ACORD.pdf\" target=\"_blank\" rel=\"noopener\">Declaratie de acord privind amanarea inscrierii in invatamantul primar pentru anul scolar 2022-2023<\/a><\/li>\n<\/ol>\n<h3 style=\"text-align: center;\"><strong>CIRCUMSCRIPTII SI PLAN DE SCOLARIZARE<\/strong><\/h3>\n<p><a href=\"http:\/\/www.ismb.ro\/circumscriptii_scolare\/detaliu_circumscriptii.php?id_unitate=18\"><img loading=\"lazy\" decoding=\"async\" class=\"aligncenter wp-image-2186\" src=\"https:\/\/scoala118.ro\/wp\/wp-content\/uploads\/2022\/03\/crit-si-circum.png\" alt=\"\" width=\"796\" height=\"273\" \/><\/a><\/p>\n<h3 style=\"text-align: center;\"><strong>DOCUMENTE UTILE<\/strong><\/h3>\n<ol>\n<li><a href=\"http:\/\/ismb.edu.ro\/documente\/clasa0\/2022\/Anexa_1.pdf\" target=\"_blank\" rel=\"noopener\">Anexa nr. 1 la Metodologia de inscriere a copiilor in invatamantul primar pentru anul scolar 2022-2023 \u2013 solicitare recomandare din partea unitatii de invatamant prescolar\u00a0<\/a><\/li>\n<li><a href=\"http:\/\/ismb.edu.ro\/documente\/clasa0\/2022\/Anexa_2.pdf\" target=\"_blank\" rel=\"noopener\">Anexa nr. 2 la Metodologia de inscriere a copiilor in invatamantul primar pentru anul scolar 2022-2023 &#8211; cerere evaluare C.M.B.R.A.E.<\/a><\/li>\n<li><a href=\"http:\/\/ismb.edu.ro\/documente\/clasa0\/2022\/Anexa_3.pdf\" target=\"_blank\" rel=\"noopener\">Anexa nr. 3 la Metodologia de \u00eenscriere a copiilor in invatamantul primar pentru anul scolar 2022-2023 &#8211; declaratie pe propria r\u0103spundere &#8211; parinte<\/a><\/li>\n<\/ol>\n<h3 style=\"text-align: center;\"><strong>COMUNICARI<\/strong><\/h3>\n<ul>\n<li><a href=\"http:\/\/ismb.edu.ro\/documente\/clasa0\/2022\/Precizari_CMBRAE_evaluare_CP_2022.pdf\" target=\"_blank\" rel=\"noopener\">Precizari CMBRAE cu privire la activitatea de evaluare a dezvoltarii copiilor in vederea inscrierii in clasa pregatitoare<\/a><\/li>\n<\/ul>\n<p>* Informatiile sunt in curs de actualizare<\/p>\n<\/div>\n<\/div>\n\n\n<p><\/p>\n","protected":false},"excerpt":{"rendered":"<p>LEGISLATIE Ordin nr. 3445\/17.03.2022 privind aprobarea Metodologiei de \u00eenscriere a copiilor \u00een \u00eenv\u0103\u021b\u0103m\u00e2ntul primar pentru anul \u0219colar 2022-2023 \u0219i a Calendarului \u00eenscrierii AMANARE INSCRIERE IN INVATAMANTUL PRIMAR Anunt\u00a0privind amanarea inscrierii&hellip;<\/p>\n<div class=\"read-more\"><a href=\"https:\/\/scoala184.ro\/site\/inscriere-clasa-pregatitoare-2022-2023\/\" class=\"read-more-link\">See More<\/a><\/div>\n","protected":false},"author":1,"featured_media":0,"parent":0,"menu_order":0,"comment_status":"closed","ping_status":"closed","template":"","meta":{"footnotes":""},"class_list":["post-508","page","type-page","status-publish","hentry"],"_links":{"self":[{"href":"https:\/\/scoala184.ro\/site\/wp-json\/wp\/v2\/pages\/508","targetHints":{"allow":["GET"]}}],"collection":[{"href":"https:\/\/scoala184.ro\/site\/wp-json\/wp\/v2\/pages"}],"about":[{"href":"https:\/\/scoala184.ro\/site\/wp-json\/wp\/v2\/types\/page"}],"author":[{"embeddable":true,"href":"https:\/\/scoala184.ro\/site\/wp-json\/wp\/v2\/users\/1"}],"replies":[{"embeddable":true,"href":"https:\/\/scoala184.ro\/site\/wp-json\/wp\/v2\/comments?post=508"}],"version-history":[{"count":2,"href":"https:\/\/scoala184.ro\/site\/wp-json\/wp\/v2\/pages\/508\/revisions"}],"predecessor-version":[{"id":515,"href":"https:\/\/scoala184.ro\/site\/wp-json\/wp\/v2\/pages\/508\/revisions\/515"}],"wp:attachment":[{"href":"https:\/\/scoala184.ro\/site\/wp-json\/wp\/v2\/media?parent=508"}],"curies":[{"name":"wp","href":"https:\/\/api.w.org\/{rel}","templated":true}]}}