{"id":668,"date":"2024-03-29T16:49:15","date_gmt":"2024-03-29T13:49:15","guid":{"rendered":"https:\/\/scoala184.ro\/site\/?page_id=668"},"modified":"2025-05-22T17:56:47","modified_gmt":"2025-05-22T14:56:47","slug":"clasa-pregatitoare-2024-2025","status":"publish","type":"page","link":"https:\/\/scoala184.ro\/site\/clasa-pregatitoare-2024-2025\/","title":{"rendered":"Clasa Preg\u0103titoare &#8211; 2025-2026"},"content":{"rendered":"\n<h2 class=\"wp-block-heading\"><mark style=\"background-color:#00d084\" class=\"has-inline-color has-luminous-vivid-orange-color\">ACTUALIZARE!<\/mark><\/h2>\n\n\n<h3 style=\"text-align: center;\"><strong>Lista copiilor admi\u0219i An \u0219colar 2025-2026<\/strong><\/h3>\n<h3 style=\"text-align: center;\"><strong>\u015ecoala Gimnazial\u0103 nr. 184 &#8211; Limba rom\u00e2n\u0103 &#8211; Tradi\u021bional <\/strong><\/h3>\n<p style=\"text-align: center;\"><strong>SECTORUL 1 &#8211; MUNICIPIUL BUCURE\u015eTI<\/strong><\/p>\n<table style=\"height: 1762px;\" width=\"856\">\n<tbody>\n<tr>\n<td width=\"53\">\n<p>Nr. crt.<\/p>\n<\/td>\n<td width=\"267\">\n<p>Nume<\/p>\n<\/td>\n<td width=\"336\">\n<p>Prenume<\/p>\n<\/td>\n<td width=\"84\">\n<p>Etapa<\/p>\n<\/td>\n<\/tr>\n<tr>\n<td width=\"53\">\n<p>1<\/p>\n<\/td>\n<td width=\"267\">\n<p>B\u0102LT\u0102RE\u021aU<\/p>\n<\/td>\n<td width=\"336\">\n<p>MIRUNA IOANA<\/p>\n<\/td>\n<td width=\"84\">\n<p>I<\/p>\n<\/td>\n<\/tr>\n<tr>\n<td width=\"53\">\n<p>2<\/p>\n<\/td>\n<td width=\"267\">\n<p>B\u0102LU\u021a\u0102<\/p>\n<\/td>\n<td width=\"336\">\n<p>SZEGEDI ANTONIO MARIO<\/p>\n<\/td>\n<td width=\"84\">\n<p>I<\/p>\n<\/td>\n<\/tr>\n<tr>\n<td width=\"53\">\n<p>3<\/p>\n<\/td>\n<td width=\"267\">\n<p>B\u0102NIC\u0102<\/p>\n<\/td>\n<td width=\"336\">\n<p>ANA-MARIA<\/p>\n<\/td>\n<td width=\"84\">\n<p>I<\/p>\n<\/td>\n<\/tr>\n<tr>\n<td width=\"53\">\n<p>4<\/p>\n<\/td>\n<td width=\"267\">\n<p>BIBIRUS<\/p>\n<\/td>\n<td width=\"336\">\n<p>ELIZA ELENA<\/p>\n<\/td>\n<td width=\"84\">\n<p>I<\/p>\n<\/td>\n<\/tr>\n<tr>\n<td width=\"53\">\n<p>5<\/p>\n<\/td>\n<td width=\"267\">\n<p>CONSTANTINESCU<\/p>\n<\/td>\n<td width=\"336\">\n<p>ALESIA MARIA GABRIELA<\/p>\n<\/td>\n<td width=\"84\">\n<p>I<\/p>\n<\/td>\n<\/tr>\n<tr>\n<td width=\"53\">\n<p>6<\/p>\n<\/td>\n<td width=\"267\">\n<p>CRISTEA<\/p>\n<\/td>\n<td width=\"336\">\n<p>ANASTASIA ELENA SIMONA<\/p>\n<\/td>\n<td width=\"84\">\n<p>I<\/p>\n<\/td>\n<\/tr>\n<tr>\n<td width=\"53\">\n<p>7<\/p>\n<\/td>\n<td width=\"267\">\n<p>DOBRIN<\/p>\n<\/td>\n<td width=\"336\">\n<p>KEVIN SOLOMON<\/p>\n<\/td>\n<td width=\"84\">\n<p>I<\/p>\n<\/td>\n<\/tr>\n<tr>\n<td width=\"53\">\n<p>8<\/p>\n<\/td>\n<td width=\"267\">\n<p>DUMITRU<\/p>\n<\/td>\n<td width=\"336\">\n<p>ALEXANDRU<\/p>\n<\/td>\n<td width=\"84\">\n<p>I<\/p>\n<\/td>\n<\/tr>\n<tr>\n<td width=\"53\">\n<p>9<\/p>\n<\/td>\n<td width=\"267\">\n<p>GHEORGHE<\/p>\n<\/td>\n<td width=\"336\">\n<p>ELISABETH<\/p>\n<\/td>\n<td width=\"84\">\n<p>I<\/p>\n<\/td>\n<\/tr>\n<tr>\n<td width=\"53\">\n<p>10<\/p>\n<\/td>\n<td width=\"267\">\n<p>IANCU<\/p>\n<\/td>\n<td width=\"336\">\n<p>ROBERT<\/p>\n<\/td>\n<td width=\"84\">\n<p>I<\/p>\n<\/td>\n<\/tr>\n<tr>\n<td width=\"53\">\n<p>11<\/p>\n<\/td>\n<td width=\"267\">\n<p>ILIESCU<\/p>\n<\/td>\n<td width=\"336\">\n<p>ARIANA MARIA<\/p>\n<\/td>\n<td width=\"84\">\n<p>I<\/p>\n<\/td>\n<\/tr>\n<tr>\n<td width=\"53\">\n<p>12<\/p>\n<\/td>\n<td width=\"267\">\n<p>IONITA<\/p>\n<\/td>\n<td width=\"336\">\n<p>DARIA ANDREEA<\/p>\n<\/td>\n<td width=\"84\">\n<p>I<\/p>\n<\/td>\n<\/tr>\n<tr>\n<td width=\"53\">\n<p>13<\/p>\n<\/td>\n<td width=\"267\">\n<p>IONI\u021a\u0102<\/p>\n<\/td>\n<td width=\"336\">\n<p>GEORGIANA ERICA<\/p>\n<\/td>\n<td width=\"84\">\n<p>I<\/p>\n<\/td>\n<\/tr>\n<tr>\n<td width=\"53\">\n<p>14<\/p>\n<\/td>\n<td width=\"267\">\n<p>MARGHIOALA<\/p>\n<\/td>\n<td width=\"336\">\n<p>ANASTASIA MIRYAM<\/p>\n<\/td>\n<td width=\"84\">\n<p>I<\/p>\n<\/td>\n<\/tr>\n<tr>\n<td width=\"53\">\n<p>15<\/p>\n<\/td>\n<td width=\"267\">\n<p>MARGHIOALA<\/p>\n<\/td>\n<td width=\"336\">\n<p>SOFIA MARIA<\/p>\n<\/td>\n<td width=\"84\">\n<p>I<\/p>\n<\/td>\n<\/tr>\n<tr>\n<td width=\"53\">\n<p>16<\/p>\n<\/td>\n<td width=\"267\">\n<p>MASSON<\/p>\n<\/td>\n<td width=\"336\">\n<p>NOAH JEAN BASIL<\/p>\n<\/td>\n<td width=\"84\">\n<p>I<\/p>\n<\/td>\n<\/tr>\n<tr>\n<td width=\"53\">\n<p>17<\/p>\n<\/td>\n<td width=\"267\">\n<p>M\u00c2ZDRAC<\/p>\n<\/td>\n<td width=\"336\">\n<p>IONU\u021a DOMINIC<\/p>\n<\/td>\n<td width=\"84\">\n<p>I<\/p>\n<\/td>\n<\/tr>\n<tr>\n<td width=\"53\">\n<p>18<\/p>\n<\/td>\n<td width=\"267\">\n<p>PENTELEI<\/p>\n<\/td>\n<td width=\"336\">\n<p>ADAEZEE EMIMA<\/p>\n<\/td>\n<td width=\"84\">\n<p>I<\/p>\n<\/td>\n<\/tr>\n<tr>\n<td width=\"53\">\n<p>19<\/p>\n<\/td>\n<td width=\"267\">\n<p>PENTELEI<\/p>\n<\/td>\n<td width=\"336\">\n<p>ASAF<\/p>\n<\/td>\n<td width=\"84\">\n<p>I<\/p>\n<\/td>\n<\/tr>\n<tr>\n<td width=\"53\">\n<p>20<\/p>\n<\/td>\n<td width=\"267\">\n<p>POPESCU<\/p>\n<\/td>\n<td width=\"336\">\n<p>LAVINIA IOANA<\/p>\n<\/td>\n<td width=\"84\">\n<p>I<\/p>\n<\/td>\n<\/tr>\n<tr>\n<td width=\"53\">\n<p>21<\/p>\n<\/td>\n<td width=\"267\">\n<p>SAVU<\/p>\n<\/td>\n<td width=\"336\">\n<p>TEODOR ALEXANDRU<\/p>\n<\/td>\n<td width=\"84\">\n<p>I<\/p>\n<\/td>\n<\/tr>\n<tr>\n<td width=\"53\">\n<p>22<\/p>\n<\/td>\n<td width=\"267\">\n<p>VASILE<\/p>\n<\/td>\n<td width=\"336\">\n<p>IFFET FRANCISCA<\/p>\n<\/td>\n<td width=\"84\">\n<p>I<\/p>\n<\/td>\n<\/tr>\n<\/tbody>\n<\/table>\n<p>\u00a0<\/p>\n<h3 style=\"text-align: center;\"><strong>Raport cu locurile r\u0103mase libere dup\u0103 prima etap\u0103 MUNICIPIUL BUCURE\u015eTI<\/strong><\/h3>\n<h3 style=\"text-align: center;\"><strong>Clasa preg\u0103titoare &#8211; An \u0219colar 2025-2026<\/strong><\/h3>\n<p>Mas\u0103 \/ Normal \/ Tradi\u021bional \/ Buget \/ Limba rom\u00e2n\u0103<\/p>\n<table style=\"height: 636px;\" width=\"854\">\n<tbody>\n<tr>\n<td rowspan=\"2\" width=\"40\">\n<p>\u00a0<\/p>\n<p>\u00a0<\/p>\n<p>Nr. crt.<\/p>\n<\/td>\n<td rowspan=\"2\" width=\"133\">\n<p>\u00a0<\/p>\n<p>\u00a0<\/p>\n<p>Localitate<\/p>\n<\/td>\n<td rowspan=\"2\" width=\"240\">\n<p>\u00a0<\/p>\n<p>\u00a0<\/p>\n<p>Unitate \u0219colar\u0103<\/p>\n<\/td>\n<td colspan=\"2\" width=\"160\">\n<p>Oferta educa\u021bional\u0103<\/p>\n<\/td>\n<td rowspan=\"2\" width=\"80\">\n<p>\u00a0<\/p>\n<p>\u00a0<\/p>\n<p>Num\u0103r admi\u0219i etapa I<\/p>\n<\/td>\n<td rowspan=\"2\" width=\"80\">\n<p>\u00a0<\/p>\n<p>\u00a0<\/p>\n<p>Num\u0103r locuri libere pentru etapa a II-a<\/p>\n<\/td>\n<\/tr>\n<tr>\n<td width=\"80\">\n<p>\u00a0<\/p>\n<p>Num\u0103r clase aprobate<\/p>\n<\/td>\n<td width=\"80\">\n<p>\u00a0<\/p>\n<p>Capacitate locuri<\/p>\n<\/td>\n<\/tr>\n<tr>\n<td width=\"40\">\n<p>1<\/p>\n<\/td>\n<td width=\"133\">\n<p>BUCURE\u015eTI SECTORUL 1<\/p>\n<\/td>\n<td width=\"240\">\n<p>\u015ecoala Gimnazial\u0103 nr. 184<\/p>\n<\/td>\n<td width=\"80\">\n<p>1<\/p>\n<\/td>\n<td width=\"80\">\n<p>22<\/p>\n<\/td>\n<td width=\"80\">\n<p>22<\/p>\n<\/td>\n<td width=\"80\">\n<p>0<\/p>\n<\/td>\n<\/tr>\n<tr>\n<td colspan=\"3\" width=\"413\">\n<p>Total Mas\u0103 \/ Normal \/ Tradi\u021bional \/ Buget \/ Limba rom\u00e2n\u0103<\/p>\n<\/td>\n<td width=\"80\">\n<p>1<\/p>\n<\/td>\n<td width=\"80\">\n<p>22<\/p>\n<\/td>\n<td width=\"80\">\n<p>22<\/p>\n<\/td>\n<td width=\"80\">\n<p>0<\/p>\n<\/td>\n<\/tr>\n<tr>\n<td colspan=\"3\" width=\"413\">\n<p>Total general:<\/p>\n<\/td>\n<td width=\"80\">\n<p>1<\/p>\n<\/td>\n<td width=\"80\">\n<p>22<\/p>\n<\/td>\n<td width=\"80\">\n<p>22<\/p>\n<\/td>\n<td width=\"80\">\n<p>0<\/p>\n<\/td>\n<\/tr>\n<\/tbody>\n<\/table>\n<p>\u00a0<\/p>\n<p>\u00a0<\/p>\n<p>\u00a0<\/p>\n<p>\u00a0<\/p>\n\n\n<p><strong>LEGISLATIE<\/strong><\/p>\n\n\n\n<ul class=\"wp-block-list\">\n<li><a href=\"http:\/\/ismb.edu.ro\/documente\/clasa0\/2024\/OME_nr_4019_15_03_2024_Metodologie_inscriere_inv_primar_24_25.pdf\" target=\"_blank\" rel=\"noreferrer noopener\">Ordin ME nr. 4019\/15.03.2024 privind aprobarea Metodologiei de inscriere a copiilor in invatamantul primar pentru anul scolar 2024-2025 si a Calendarului inscrierii<\/a><\/li>\n\n\n\n<li><a href=\"http:\/\/ismb.edu.ro\/documente\/clasa0\/2025\/OMEC_3435_INSCRIERE_INV_PRIMAR.pdf\" target=\"_blank\" rel=\"noreferrer noopener\">Ordin MEC nr. 3435\/28.02.2025 privind aprobarea Calendarului inscrierii in invatamantul primar pentru anul \u0219colar 2025-2026<\/a><\/li>\n\n\n\n<li><a href=\"http:\/\/ismb.edu.ro\/documente\/clasa0\/2024\/Ordin_6756_6_decembrie_2023.pdf\" target=\"_blank\" rel=\"noreferrer noopener\">Ordin ME nr. 6756\/06.12.2023 pentru aprobarea Metodologiei privind dep\u0103\u0219irea efectivelor forma\u021biunilor de antepre\u0219colari, pre\u0219colari sau elevi din unit\u0103\u021bile de \u00eenv\u0103\u021b\u0103m\u00e2nt preuniversitar de stat<\/a><\/li>\n\n\n\n<li><a href=\"http:\/\/ismb.edu.ro\/documente\/clasa0\/2024\/Ordin_3945_1_martie_2024.pdf\" target=\"_blank\" rel=\"noreferrer noopener\">Ordin ME nr. 3945\/01.03.2024 privind aprobarea Procedurii de distribu\u021bie aleatorie a antepre\u0219colarilor\/pre\u0219colarilor\/elevilor \u00een forma\u021biunile de studiu<\/a><\/li>\n<\/ul>\n\n\n\n<p><strong>PLAN DE MASURI SI PROCEDURI<\/strong><\/p>\n\n\n\n<ul class=\"wp-block-list\">\n<li><a href=\"http:\/\/ismb.edu.ro\/documente\/clasa0\/2025\/plan_masuri_inscriere.pdf\" target=\"_blank\" rel=\"noreferrer noopener\">Plan de masuri pentru pregatirea si organizarea inscrierii copiilor in invatamantul primar in anul scolar 2025-2026<\/a><\/li>\n<\/ul>\n\n\n\n<p><strong>AMANAREA INSCRIERII IN INVATAMANTUL PRIMAR<\/strong><\/p>\n\n\n\n<ul class=\"wp-block-list\">\n<li><a href=\"http:\/\/ismb.edu.ro\/documente\/clasa0\/2025\/anunt_amanare_inscriere.pdf\" target=\"_blank\" rel=\"noreferrer noopener\">Anunt privind amanarea inscrierii in invatamantul primar pentru anul scolar 2025-2026<\/a><\/li>\n\n\n\n<li><a href=\"http:\/\/ismb.edu.ro\/documente\/clasa0\/2025\/cerere_amanare_inscriere.pdf\" target=\"_blank\" rel=\"noreferrer noopener\">Cerere privind amanarea inscrierii in invatamantul primar pentru anul scolar 2025-2026<\/a><\/li>\n<\/ul>\n\n\n\n<p>\u200b\u200b<strong>CIRCUMSCRIPTII SI PLAN DE SCOLARIZARE<\/strong><\/p>\n\n\n\n<ul class=\"wp-block-list\">\n<li><a href=\"https:\/\/liceultraianbucuresti.ro\/circumscriptii_scolare\/detaliu_circumscriptii.php?id_unitate=18\" target=\"_blank\" rel=\"noreferrer noopener\">Circumscriptia scolar\u0103 si plan de scolarizare 2025-2026<\/a><\/li>\n\n\n\n<li><a href=\"http:\/\/ismb.edu.ro\/documente\/clasa0\/2025\/Plan_scolarizare_particular.xlsx\" target=\"_blank\" rel=\"noreferrer noopener\">Proiectul planului de scolarizare pentru anul scolar 2025-2026, clasa pregatitoare, invatamant particular<\/a><\/li>\n\n\n\n<li><a href=\"http:\/\/ismb.edu.ro\/documente\/clasa0\/2025\/Unitati_cu_alternative_educationale.xlsx\" target=\"_blank\" rel=\"noreferrer noopener\">Unitatile de invatamant care au in oferta clase organizate conform reglementarilor specifice alternativelor educationale<\/a><\/li>\n\n\n\n<li><a href=\"http:\/\/ismb.edu.ro\/documente\/clasa0\/2025\/Unitati_cu_predare_in_limba_minoritatilor.xlsx\" target=\"_blank\" rel=\"noreferrer noopener\">Unitatile de invatamant care au in oferta clase cu predare in limbile minoritatilor nationale<\/a><\/li>\n<\/ul>\n\n\n\n<p>\u200b\u200b\u200b<strong>CRITERII SPECIFICE<\/strong><\/p>\n\n\n\n<ul class=\"wp-block-list\">\n<li><a href=\"https:\/\/scoala184.ro\/site\/wp-content\/uploads\/2025\/03\/Criterii-aprobate.pdf\">Criterii specifice de departajare privind inscrierea in invatamantul primar pentru anul scolar 2025-2026<\/a><\/li>\n<\/ul>\n\n\n\n<p><strong>DOCUMENTE UTILE<\/strong><\/p>\n\n\n\n<ul class=\"wp-block-list\">\n<li><a href=\"http:\/\/ismb.edu.ro\/documente\/clasa0\/2025\/CERERE_TIP_CLSPRG_ETAPA_I_2025.pdf\" target=\"_blank\" rel=\"noreferrer noopener\">Cerere Inscriere Etapa I<\/a><\/li>\n\n\n\n<li><a href=\"http:\/\/ismb.edu.ro\/documente\/clasa0\/2025\/CERERE_TIP_CLSPREG_Etapa_II_2025.pdf\" target=\"_blank\" rel=\"noreferrer noopener\">Cerere Inscriere Etapa a II-a<\/a><\/li>\n\n\n\n<li><a href=\"http:\/\/ismb.edu.ro\/documente\/clasa0\/2025\/ANEXA_1.pdf\" target=\"_blank\" rel=\"noreferrer noopener\">Anexa nr. 1 la Metodologia de inscriere a copiilor in invatamantul primar pentru anul scolar 2025-2026&nbsp;&#8211; solicitare recomandare din partea unitatii de invatamant prescolar<\/a><\/li>\n\n\n\n<li><a href=\"http:\/\/ismb.edu.ro\/documente\/clasa0\/2025\/ANEXA_2_CMBRAE.pdf\" target=\"_blank\" rel=\"noreferrer noopener\">Anexa nr. 2 la Metodologia de inscriere a copiilor in invatamantul primar pentru anul scolar 2025-2026&nbsp;&#8211; cerere evaluare C.M.B.R.A.E.<\/a><\/li>\n\n\n\n<li><a href=\"https:\/\/www.cmbrae.ro\/2017\/evaluarea-dezvoltarii-cp-2025-2026\/\" target=\"_blank\" rel=\"noreferrer noopener\">Evaluare&nbsp;Dezvoltare&nbsp;Clasa Pregatitoare 2025-2026 &#8211; link CMBRAE<\/a><\/li>\n\n\n\n<li><a href=\"http:\/\/ismb.edu.ro\/documente\/clasa0\/2025\/ANEXA_3.pdf\" target=\"_blank\" rel=\"noreferrer noopener\">Anexa nr. 3 la Metodologia de \u00eenscriere a copiilor in invatamantul primar pentru anul scolar 2025-2026&nbsp;&#8211; declaratie pe propria r\u0103spundere &#8211; parinte<\/a><\/li>\n<\/ul>\n\n\n\n<p>\u200b<strong>COMUNICARI<\/strong><\/p>\n\n\n\n<ul class=\"wp-block-list\">\n<li><a href=\"http:\/\/ismb.edu.ro\/documente\/clasa0\/2025\/Precizari_CMBRAE_evaluare_CP_2025.docx.pdf\" target=\"_blank\" rel=\"noreferrer noopener\">Precizari CMBRAE cu privire la activitatea de evaluare a dezvoltarii copiilor in vederea inscrierii in clasa pregatitoare pentru anul scolar 2025-2026<\/a><\/li>\n<\/ul>\n\n\n\n<p>* Informatiile sunt in curs de actualizare<\/p>\n\n\n\n<p>\u200b\u200b<\/p>\n","protected":false},"excerpt":{"rendered":"<p>ACTUALIZARE! Lista copiilor admi\u0219i An \u0219colar 2025-2026 \u015ecoala Gimnazial\u0103 nr. 184 &#8211; Limba rom\u00e2n\u0103 &#8211; Tradi\u021bional SECTORUL 1 &#8211; MUNICIPIUL BUCURE\u015eTI Nr. crt. Nume Prenume Etapa 1 B\u0102LT\u0102RE\u021aU MIRUNA IOANA&hellip;<\/p>\n<div class=\"read-more\"><a href=\"https:\/\/scoala184.ro\/site\/clasa-pregatitoare-2024-2025\/\" class=\"read-more-link\">See More<\/a><\/div>\n","protected":false},"author":1,"featured_media":0,"parent":0,"menu_order":0,"comment_status":"closed","ping_status":"closed","template":"","meta":{"footnotes":""},"class_list":["post-668","page","type-page","status-publish","hentry"],"_links":{"self":[{"href":"https:\/\/scoala184.ro\/site\/wp-json\/wp\/v2\/pages\/668","targetHints":{"allow":["GET"]}}],"collection":[{"href":"https:\/\/scoala184.ro\/site\/wp-json\/wp\/v2\/pages"}],"about":[{"href":"https:\/\/scoala184.ro\/site\/wp-json\/wp\/v2\/types\/page"}],"author":[{"embeddable":true,"href":"https:\/\/scoala184.ro\/site\/wp-json\/wp\/v2\/users\/1"}],"replies":[{"embeddable":true,"href":"https:\/\/scoala184.ro\/site\/wp-json\/wp\/v2\/comments?post=668"}],"version-history":[{"count":13,"href":"https:\/\/scoala184.ro\/site\/wp-json\/wp\/v2\/pages\/668\/revisions"}],"predecessor-version":[{"id":883,"href":"https:\/\/scoala184.ro\/site\/wp-json\/wp\/v2\/pages\/668\/revisions\/883"}],"wp:attachment":[{"href":"https:\/\/scoala184.ro\/site\/wp-json\/wp\/v2\/media?parent=668"}],"curies":[{"name":"wp","href":"https:\/\/api.w.org\/{rel}","templated":true}]}}